{"id":3,"date":"2012-01-04T13:22:17","date_gmt":"2012-01-04T12:22:17","guid":{"rendered":"http:\/\/www.fsgeo.rwth-aachen.de\/?page_id=3"},"modified":"2025-02-10T16:56:33","modified_gmt":"2025-02-10T15:56:33","slug":"wir","status":"publish","type":"page","link":"https:\/\/www.fsgeo.rwth-aachen.de\/?page_id=3","title":{"rendered":"Sitzungen und Tops"},"content":{"rendered":"\n<h2 class=\"wp-block-heading\"><strong>Sitzungen:<\/strong><\/h2>\n\n\n\n<p>Hiermit laden wir euch herzlich zur n\u00e4chsten Sitzung ein. Normalerweise sind&nbsp; Fachschaftssitzung immer Dienstags 19 Uhr im SG014. Alle Studierenden der Geographie und Wirtschaftsgeographie im Bachelor und im Master sind jederzeit eingeladen an den Fachschaftssitzungen teilzunehmen. Also kommt vorbei und\/oder sprecht einen von uns an, wenn ihr Fragen habt. Wir freuen uns immer \u00fcber neue Gesichter! Die aktuelle Einladung zur Sitzung ist in der Regel 2-3 Tage vor dem n\u00e4chsten Termin hier einsehbar. Bei Erg\u00e4nzungen, Fragen oder Anmerkungen k\u00f6nnt ihr Euch gerne bei uns melden!<\/p>\n\n\n\n<hr class=\"wp-block-separator has-alpha-channel-opacity is-style-wide\"\/>\n\n\n\n<p>Aktuelle Tagesordnung f\u00fcr die Sitzung am 11.02.2025, 19:00 SG 014:<\/p>\n\n\n\n<p><strong>1. Aktuelle Themen:<\/strong><\/p>\n\n\n\n<ul class=\"wp-block-list\">\n<li>1.1. Filmabende im SoSe<\/li>\n<\/ul>\n\n\n\n<p><strong>2. Neues von der GeF\u00fc:<\/strong><\/p>\n\n\n\n<p><strong>3. Berichte:<\/strong><\/p>\n\n\n\n<ul class=\"wp-block-list\">\n<li>3.1. Fachgruppenrat<\/li>\n\n\n\n<li>3.2. Fakult\u00e4tsrat<\/li>\n\n\n\n<li>3.3. 5er KeXe<\/li>\n\n\n\n<li>3.4. Studieninformationstag<\/li>\n<\/ul>\n\n\n\n<p><strong>4. Weitere Themen:<\/strong><\/p>\n\n\n\n<p><strong>5. Termine:<\/strong><\/p>\n\n\n\n<ul class=\"wp-block-list\">\n<li>13.02. Planungstreffen Hi5<\/li>\n\n\n\n<li>25.02. N\u00e4chste Sitzung<\/li>\n<\/ul>\n\n\n\n<p><strong>6. Beschl\u00fcsse:<\/strong><\/p>\n\n\n\n<p><strong>7. Sonstiges:<\/strong><\/p>\n\n\n\n<p><\/p>\n\n\n\n<p><\/p>\n\n\n\n<p><\/p>\n\n\n\n<p><\/p>\n\n\n\n<hr class=\"wp-block-separator has-alpha-channel-opacity is-style-wide\"\/>\n\n\n\n<div class=\"wp-block-cover alignfull has-white-color has-text-color\" style=\"margin-top:0;padding-top:4vw;padding-right:4vw;padding-bottom:4vw;padding-left:4vw;min-height:66vh;aspect-ratio:unset;\"><span aria-hidden=\"true\" class=\"wp-block-cover__background has-black-background-color has-background-dim-100 has-background-dim\"><\/span><div class=\"wp-block-cover__inner-container is-layout-flow wp-block-cover-is-layout-flow\">\n<div class=\"wp-block-group is-content-justification-left\"><div class=\"wp-block-group__inner-container is-layout-constrained wp-container-core-group-is-layout-76bb3733 wp-block-group-is-layout-constrained\">\n<figure class=\"wp-block-image size-large\"><img loading=\"lazy\" decoding=\"async\" width=\"660\" height=\"1024\" src=\"https:\/\/www.fsgeo.rwth-aachen.de\/wp-content\/uploads\/2024\/08\/Screenshot-2024-08-26-104621-1-660x1024.jpg\" alt=\"\" class=\"wp-image-10027\" srcset=\"https:\/\/www.fsgeo.rwth-aachen.de\/wp-content\/uploads\/2024\/08\/Screenshot-2024-08-26-104621-1-660x1024.jpg 660w, https:\/\/www.fsgeo.rwth-aachen.de\/wp-content\/uploads\/2024\/08\/Screenshot-2024-08-26-104621-1-193x300.jpg 193w, https:\/\/www.fsgeo.rwth-aachen.de\/wp-content\/uploads\/2024\/08\/Screenshot-2024-08-26-104621-1-768x1191.jpg 768w, https:\/\/www.fsgeo.rwth-aachen.de\/wp-content\/uploads\/2024\/08\/Screenshot-2024-08-26-104621-1-991x1536.jpg 991w, https:\/\/www.fsgeo.rwth-aachen.de\/wp-content\/uploads\/2024\/08\/Screenshot-2024-08-26-104621-1.jpg 1057w\" sizes=\"auto, (max-width: 660px) 100vw, 660px\" \/><\/figure>\n<\/div><\/div>\n<\/div><\/div>\n","protected":false},"excerpt":{"rendered":"<p>Sitzungen: Hiermit laden wir euch herzlich zur n\u00e4chsten Sitzung ein. Normalerweise sind&nbsp; Fachschaftssitzung immer Dienstags 19 Uhr im SG014. Alle Studierenden der Geographie und Wirtschaftsgeographie im Bachelor und im Master sind jederzeit eingeladen an den Fachschaftssitzungen teilzunehmen. Also kommt vorbei und\/oder sprecht einen von uns an, wenn ihr Fragen habt. Wir freuen uns immer \u00fcber neue Gesichter! Die aktuelle Einladung zur Sitzung ist in der Regel 2-3 Tage vor dem n\u00e4chsten Termin hier einsehbar. Bei Erg\u00e4nzungen, Fragen oder Anmerkungen k\u00f6nnt &hellip;<\/p>\n","protected":false},"author":1,"featured_media":0,"parent":0,"menu_order":0,"comment_status":"closed","ping_status":"closed","template":"","meta":{"footnotes":""},"class_list":["post-3","page","type-page","status-publish","hentry"],"_links":{"self":[{"href":"https:\/\/www.fsgeo.rwth-aachen.de\/index.php?rest_route=\/wp\/v2\/pages\/3","targetHints":{"allow":["GET"]}}],"collection":[{"href":"https:\/\/www.fsgeo.rwth-aachen.de\/index.php?rest_route=\/wp\/v2\/pages"}],"about":[{"href":"https:\/\/www.fsgeo.rwth-aachen.de\/index.php?rest_route=\/wp\/v2\/types\/page"}],"author":[{"embeddable":true,"href":"https:\/\/www.fsgeo.rwth-aachen.de\/index.php?rest_route=\/wp\/v2\/users\/1"}],"replies":[{"embeddable":true,"href":"https:\/\/www.fsgeo.rwth-aachen.de\/index.php?rest_route=%2Fwp%2Fv2%2Fcomments&post=3"}],"version-history":[{"count":177,"href":"https:\/\/www.fsgeo.rwth-aachen.de\/index.php?rest_route=\/wp\/v2\/pages\/3\/revisions"}],"predecessor-version":[{"id":10330,"href":"https:\/\/www.fsgeo.rwth-aachen.de\/index.php?rest_route=\/wp\/v2\/pages\/3\/revisions\/10330"}],"wp:attachment":[{"href":"https:\/\/www.fsgeo.rwth-aachen.de\/index.php?rest_route=%2Fwp%2Fv2%2Fmedia&parent=3"}],"curies":[{"name":"wp","href":"https:\/\/api.w.org\/{rel}","templated":true}]}}