{"id":4273,"date":"2015-09-22T12:48:12","date_gmt":"2015-09-22T11:48:12","guid":{"rendered":"http:\/\/www.fsgeo.rwth-aachen.de\/?page_id=4273"},"modified":"2025-12-02T21:11:29","modified_gmt":"2025-12-02T20:11:29","slug":"impressum","status":"publish","type":"page","link":"https:\/\/www.fsgeo.rwth-aachen.de\/?page_id=4273","title":{"rendered":"Impressum"},"content":{"rendered":"\n<h2 class=\"wp-block-heading\"><strong>Impressum<\/strong>:<\/h2>\n\n\n\n<p>Studierendenschaft der RWTH Aachen<br>Fachschaft Geographie und Wirtschaftsgeographie<\/p>\n\n\n\n<p>W\u00fcllnerstra\u00dfe 5b, <a href=\"http:\/\/www.zhv.rwth-aachen.de\/map\/show.php?gebnr=1810\" target=\"_new\" rel=\"noopener noreferrer\">Seminargeb\u00e4ude (RWTH-Geb\u00e4udenr. 1810)<\/a><br>Raum SG 014 (Im Erdgeschoss)<br>D &#8211; 52062 Aachen<\/p>\n\n\n\n<p>Telefon: 0241 8099382<\/p>\n\n\n\n<p>E-Mail: <a href=\"mailto:info@geofachschaft.de\">fachschaft@geo.rwth-aachen.de<br><\/a>Internet: <a href=\"http:\/\/www.geofachschaft.de\/\">www.geofachschaft.de<\/a><\/p>\n\n\n\n<hr class=\"wp-block-separator has-alpha-channel-opacity is-style-wide\"\/>\n\n\n\n<h2 class=\"wp-block-heading\"><strong>Haftungshinweis:<\/strong><\/h2>\n\n\n\n<p><strong>Inhalt des Webangebotes:<\/strong><\/p>\n\n\n\n<p>Die Fachschaft Geographie und Wirtschaftsgeographie 5\/4 der RWTH Aachen (nachfolgend: Fachschaft) ist bem\u00fcht, ihr Webangebot stets aktuell und inhaltlich richtig sowie vollst\u00e4ndig anzubieten. Dennoch ist das Auftreten von Fehlern nicht v\u00f6llig auszuschlie\u00dfen.<\/p>\n\n\n\n<p>Die Fachschaft \u00fcbernimmt keine Haftung f\u00fcr die Aktualit\u00e4t, die inhaltliche Richtigkeit sowie f\u00fcr die Vollst\u00e4ndigkeit der in ihrem Webangebot eingestellten Informationen, es sei denn die Fehler wurden vors\u00e4tzlich oder grob fahrl\u00e4ssig aufgenommen. Dies bezieht sich auf eventuelle Sch\u00e4den materieller oder ideeller Art Dritter, die durch die Nutzung dieses Webangebotes verursacht wurden.<\/p>\n\n\n\n<hr class=\"wp-block-separator has-alpha-channel-opacity is-style-wide\"\/>\n\n\n\n<p><strong>Copyright:<\/strong><\/p>\n\n\n\n<p>Das Layout der Homepage, die verwendeten Grafiken und Bilder, die Sammlung sowie einzelnen Beitr\u00e4ge sind urheberrechtlich gesch\u00fctzt.<\/p>\n\n\n\n<p>Alle Rechte, auch die der fotomechanischen Wiedergabe, der Vervielf\u00e4ltigung und der Verbreitung mittels besonderer Verfahren (zum Beispiel Datenverarbeitung, Datentr\u00e4ger und Datennetze), auch teilweise, beh\u00e4lt sich die Fachschaft vor.<\/p>\n\n\n\n<hr class=\"wp-block-separator has-alpha-channel-opacity is-style-wide\"\/>\n\n\n\n<p><strong>Externe Verweise und Links:<\/strong><\/p>\n\n\n\n<p>Mit Urteil vom 12.Mai 1998 hat das LG Hamburg entschieden, dass man durch die Ausbringung eines Links die Inhalte der gelinkten Seite ggf. mit zu verantworten hat. Dies kann, so das LG, nur dadurch verhindert werden, dass man sich ausdr\u00fccklich von diesen Inhalten distanziert.<\/p>\n\n\n\n<p>Wir haben auf unseren Seiten Links zu Seiten im Internet gelegt, deren Inhalt und Aktualisierung nicht dem Einflussbereich der Fachschaft unterliegen. F\u00fcr alle diese Links gilt:<\/p>\n\n\n\n<p>\u201cDie Fachschaft hat keinen Einfluss auf Gestaltung und Inhalte fremder Internetseiten. Sie distanziert sich daher von allen fremden Inhalten, auch wenn von Seiten der Fachschaft auf diese externe Seiten ein Link gesetzt wurde.\u201d<\/p>\n\n\n\n<p>Diese Erkl\u00e4rung gilt f\u00fcr alle auf unserer Homepage angezeigten Links und f\u00fcr alle Inhalte der Seiten, zu denen die bei uns angemeldeten Banner und Links f\u00fchren.<\/p>\n\n\n\n<hr class=\"wp-block-separator has-alpha-channel-opacity is-style-wide\"\/>\n\n\n\n<p><strong>Datenschutz:<\/strong><\/p>\n\n\n\n<p>Sofern innerhalb des Internetangebotes die M\u00f6glichkeit der Eingabe von pers\u00f6nlichen Daten (Emailadresse, Namen, Anschriften) besteht, erfolgt diese freiwillig. Die Fachschaft erkl\u00e4rt ausdr\u00fccklich, dass es diese Daten nicht an Dritte weitergibt.<\/p>\n\n\n\n<hr class=\"wp-block-separator has-alpha-channel-opacity is-style-wide\"\/>\n\n\n\n<p><strong>Rechtswirksamkeit:<\/strong><\/p>\n\n\n\n<p>Dieser Haftungsausschluss ist Teil des Internetangebotes der Fachschaft. Sofern einzelne Formulierungen oder Teile dieses Textes der geltenden Rechtslage nicht mehr oder nicht mehr vollst\u00e4ndig entsprechen, bleiben die \u00fcbrigen Teile dieser Erkl\u00e4rung davon unber\u00fchrt.<\/p>\n\n\n\n<hr class=\"wp-block-separator has-alpha-channel-opacity is-style-wide\"\/>\n","protected":false},"excerpt":{"rendered":"<p>Impressum: Studierendenschaft der RWTH AachenFachschaft Geographie und Wirtschaftsgeographie W\u00fcllnerstra\u00dfe 5b, Seminargeb\u00e4ude (RWTH-Geb\u00e4udenr. 1810)Raum SG 014 (Im Erdgeschoss)D &#8211; 52062 Aachen Telefon: 0241 8099382 E-Mail: fachschaft@geo.rwth-aachen.deInternet: www.geofachschaft.de Haftungshinweis: Inhalt des Webangebotes: Die Fachschaft Geographie und Wirtschaftsgeographie 5\/4 der RWTH Aachen (nachfolgend: Fachschaft) ist bem\u00fcht, ihr Webangebot stets aktuell und inhaltlich richtig sowie vollst\u00e4ndig anzubieten. Dennoch ist das Auftreten von Fehlern nicht v\u00f6llig auszuschlie\u00dfen. Die Fachschaft \u00fcbernimmt keine Haftung f\u00fcr die Aktualit\u00e4t, die inhaltliche Richtigkeit sowie f\u00fcr die Vollst\u00e4ndigkeit der in ihrem &hellip;<\/p>\n","protected":false},"author":1,"featured_media":0,"parent":0,"menu_order":7,"comment_status":"closed","ping_status":"closed","template":"","meta":{"footnotes":""},"class_list":["post-4273","page","type-page","status-publish","hentry"],"_links":{"self":[{"href":"https:\/\/www.fsgeo.rwth-aachen.de\/index.php?rest_route=\/wp\/v2\/pages\/4273","targetHints":{"allow":["GET"]}}],"collection":[{"href":"https:\/\/www.fsgeo.rwth-aachen.de\/index.php?rest_route=\/wp\/v2\/pages"}],"about":[{"href":"https:\/\/www.fsgeo.rwth-aachen.de\/index.php?rest_route=\/wp\/v2\/types\/page"}],"author":[{"embeddable":true,"href":"https:\/\/www.fsgeo.rwth-aachen.de\/index.php?rest_route=\/wp\/v2\/users\/1"}],"replies":[{"embeddable":true,"href":"https:\/\/www.fsgeo.rwth-aachen.de\/index.php?rest_route=%2Fwp%2Fv2%2Fcomments&post=4273"}],"version-history":[{"count":14,"href":"https:\/\/www.fsgeo.rwth-aachen.de\/index.php?rest_route=\/wp\/v2\/pages\/4273\/revisions"}],"predecessor-version":[{"id":10335,"href":"https:\/\/www.fsgeo.rwth-aachen.de\/index.php?rest_route=\/wp\/v2\/pages\/4273\/revisions\/10335"}],"wp:attachment":[{"href":"https:\/\/www.fsgeo.rwth-aachen.de\/index.php?rest_route=%2Fwp%2Fv2%2Fmedia&parent=4273"}],"curies":[{"name":"wp","href":"https:\/\/api.w.org\/{rel}","templated":true}]}}