{"id":6831,"date":"2020-01-30T01:44:52","date_gmt":"2020-01-30T00:44:52","guid":{"rendered":"http:\/\/www.fsgeo.rwth-aachen.de\/?page_id=6831"},"modified":"2024-08-26T09:54:17","modified_gmt":"2024-08-26T08:54:17","slug":"fuer-studis","status":"publish","type":"page","link":"https:\/\/www.fsgeo.rwth-aachen.de\/?page_id=6831","title":{"rendered":"F\u00fcr Studis"},"content":{"rendered":"\n<p><strong>F\u00fcr Studis:<\/strong><\/p>\n\n\n\n<p>Entdecke die Welt mit uns! Die Fachschaft Geographie ist deine Eintrittskarte zu einem faszinierenden Universum aus Kultur, Umwelt und Gesellschaft. Als Teil unserer lebendigen Gemeinschaft erkundest du nicht nur die vielf\u00e4ltigen Landschaften und \u00d6kosysteme unseres Planeten, sondern tauchst auch in die komplexen Zusammenh\u00e4nge von Mensch und Umwelt ein. Unsere Fachschaft bietet eine lebendige Atmosph\u00e4re, in der du dich mit Gleichgesinnten vernetzen und austauschen kannst. Werde Teil der Fachschaft und gestalte mit uns die Zukunft der Geographie!<\/p>\n\n\n\n<hr class=\"wp-block-separator has-alpha-channel-opacity is-style-wide\"\/>\n\n\n<form role=\"search\" method=\"get\" action=\"https:\/\/www.fsgeo.rwth-aachen.de\/\" class=\"wp-block-search__button-inside wp-block-search__icon-button wp-block-search\"    ><label class=\"wp-block-search__label\" for=\"wp-block-search__input-1\" ><strong>Suchst du nach etwas bestimmten<\/strong>:<\/label><div class=\"wp-block-search__inside-wrapper \"  style=\"width: 100%\"><input class=\"wp-block-search__input\" id=\"wp-block-search__input-1\" placeholder=\"\" value=\"\" type=\"search\" name=\"s\" required \/><button aria-label=\"Suchen\" class=\"wp-block-search__button has-icon wp-element-button\" type=\"submit\" ><svg class=\"search-icon\" viewBox=\"0 0 24 24\" width=\"24\" height=\"24\">\n\t\t\t\t\t<path d=\"M13 5c-3.3 0-6 2.7-6 6 0 1.4.5 2.7 1.3 3.7l-3.8 3.8 1.1 1.1 3.8-3.8c1 .8 2.3 1.3 3.7 1.3 3.3 0 6-2.7 6-6S16.3 5 13 5zm0 10.5c-2.5 0-4.5-2-4.5-4.5s2-4.5 4.5-4.5 4.5 2 4.5 4.5-2 4.5-4.5 4.5z\"><\/path>\n\t\t\t\t<\/svg><\/button><\/div><\/form>\n\n\n<div style=\"height:30px\" aria-hidden=\"true\" class=\"wp-block-spacer\"><\/div>\n\n\n\n<hr class=\"wp-block-separator has-alpha-channel-opacity is-style-wide\"\/>\n\n\n\n<div class=\"wp-block-cover alignfull has-white-color has-text-color\" style=\"margin-top:0;padding-top:4vw;padding-right:4vw;padding-bottom:4vw;padding-left:4vw;min-height:66vh;aspect-ratio:unset;\"><span aria-hidden=\"true\" class=\"wp-block-cover__background has-black-background-color has-background-dim-100 has-background-dim\"><\/span><div class=\"wp-block-cover__inner-container is-layout-flow wp-block-cover-is-layout-flow\">\n<div class=\"wp-block-group is-content-justification-left\"><div class=\"wp-block-group__inner-container is-layout-constrained wp-container-core-group-is-layout-76bb3733 wp-block-group-is-layout-constrained\">\n<figure class=\"wp-block-image size-large\"><img loading=\"lazy\" decoding=\"async\" width=\"730\" height=\"1024\" src=\"https:\/\/www.fsgeo.rwth-aachen.de\/wp-content\/uploads\/2024\/08\/Screenshot-2024-08-26-105352-730x1024.jpg\" alt=\"\" class=\"wp-image-10037\" srcset=\"https:\/\/www.fsgeo.rwth-aachen.de\/wp-content\/uploads\/2024\/08\/Screenshot-2024-08-26-105352-730x1024.jpg 730w, https:\/\/www.fsgeo.rwth-aachen.de\/wp-content\/uploads\/2024\/08\/Screenshot-2024-08-26-105352-214x300.jpg 214w, https:\/\/www.fsgeo.rwth-aachen.de\/wp-content\/uploads\/2024\/08\/Screenshot-2024-08-26-105352-768x1077.jpg 768w, https:\/\/www.fsgeo.rwth-aachen.de\/wp-content\/uploads\/2024\/08\/Screenshot-2024-08-26-105352.jpg 1050w\" sizes=\"auto, (max-width: 730px) 100vw, 730px\" \/><\/figure>\n<\/div><\/div>\n<\/div><\/div>\n","protected":false},"excerpt":{"rendered":"<p>F\u00fcr Studis: Entdecke die Welt mit uns! Die Fachschaft Geographie ist deine Eintrittskarte zu einem faszinierenden Universum aus Kultur, Umwelt und Gesellschaft. Als Teil unserer lebendigen Gemeinschaft erkundest du nicht nur die vielf\u00e4ltigen Landschaften und \u00d6kosysteme unseres Planeten, sondern tauchst auch in die komplexen Zusammenh\u00e4nge von Mensch und Umwelt ein. Unsere Fachschaft bietet eine lebendige Atmosph\u00e4re, in der du dich mit Gleichgesinnten vernetzen und austauschen kannst. Werde Teil der Fachschaft und gestalte mit uns die Zukunft der Geographie!<\/p>\n","protected":false},"author":1,"featured_media":0,"parent":0,"menu_order":2,"comment_status":"closed","ping_status":"closed","template":"","meta":{"footnotes":""},"class_list":["post-6831","page","type-page","status-publish","hentry"],"_links":{"self":[{"href":"https:\/\/www.fsgeo.rwth-aachen.de\/index.php?rest_route=\/wp\/v2\/pages\/6831","targetHints":{"allow":["GET"]}}],"collection":[{"href":"https:\/\/www.fsgeo.rwth-aachen.de\/index.php?rest_route=\/wp\/v2\/pages"}],"about":[{"href":"https:\/\/www.fsgeo.rwth-aachen.de\/index.php?rest_route=\/wp\/v2\/types\/page"}],"author":[{"embeddable":true,"href":"https:\/\/www.fsgeo.rwth-aachen.de\/index.php?rest_route=\/wp\/v2\/users\/1"}],"replies":[{"embeddable":true,"href":"https:\/\/www.fsgeo.rwth-aachen.de\/index.php?rest_route=%2Fwp%2Fv2%2Fcomments&post=6831"}],"version-history":[{"count":39,"href":"https:\/\/www.fsgeo.rwth-aachen.de\/index.php?rest_route=\/wp\/v2\/pages\/6831\/revisions"}],"predecessor-version":[{"id":10038,"href":"https:\/\/www.fsgeo.rwth-aachen.de\/index.php?rest_route=\/wp\/v2\/pages\/6831\/revisions\/10038"}],"wp:attachment":[{"href":"https:\/\/www.fsgeo.rwth-aachen.de\/index.php?rest_route=%2Fwp%2Fv2%2Fmedia&parent=6831"}],"curies":[{"name":"wp","href":"https:\/\/api.w.org\/{rel}","templated":true}]}}