{"id":7786,"date":"2021-02-28T14:20:12","date_gmt":"2021-02-28T13:20:12","guid":{"rendered":"http:\/\/www.fsgeo.rwth-aachen.de\/?page_id=7786"},"modified":"2024-03-24T07:15:19","modified_gmt":"2024-03-24T06:15:19","slug":"zitierstile","status":"publish","type":"page","link":"https:\/\/www.fsgeo.rwth-aachen.de\/?page_id=7786","title":{"rendered":"Zitierstile"},"content":{"rendered":"\n<h2 class=\"wp-block-heading\"><strong>LaTeX-Template<\/strong>:<\/h2>\n\n\n\n<p>Hier findest du weitere Informationen zur Erstellung einer wissenschaftlichen Arbeit. Zus\u00e4tzlich dazu steht hier ein LaTeX-Template zur Verf\u00fcgung, das speziell f\u00fcr wissenschaftliche Arbeiten entwickelt wurde. LaTeX ist eine \u00e4u\u00dferst leistungsf\u00e4hige Textsatzsprache, die besonders f\u00fcr wissenschaftliche Dokumente geeignet ist und eine professionelle Formatierung gew\u00e4hrleistet. Mit diesem Template sparst du Zeit bei der Formatierung und kannst dich voll und ganz auf den Inhalt deiner Arbeit konzentrieren.<\/p>\n\n\n\n<div class=\"wp-block-buttons is-content-justification-left is-layout-flex wp-container-core-buttons-is-layout-fdcfc74e wp-block-buttons-is-layout-flex\">\n<div class=\"wp-block-button\"><a class=\"wp-block-button__link wp-element-button\" href=\"https:\/\/www.geographie.rwth-aachen.de\/cms\/geographie\/das-institut\/ausstattung\/bibliothek\/~pwgf\/anleitung-erstellung-einer-wissenschaft\/\">Template<\/a><\/div>\n<\/div>\n\n\n\n<hr class=\"wp-block-separator has-alpha-channel-opacity is-style-wide\"\/>\n\n\n\n<h2 class=\"wp-block-heading\"><strong>Leitfaden:<\/strong><\/h2>\n\n\n\n<p>In diesem umfassenden Leitfaden findest du detaillierte Anweisungen zur Erstellung einer wissenschaftlichen Arbeit. Von der Auswahl eines geeigneten Themas \u00fcber die Recherche und Datenerhebung bis hin zur Strukturierung und Formatierung deiner Arbeit werden alle Schritte ausf\u00fchrlich behandelt. Dar\u00fcber hinaus werden bew\u00e4hrte Methoden zur Durchf\u00fchrung von Literaturrecherchen, zur Analyse von Daten und zur Entwicklung einer schl\u00fcssigen Argumentation vorgestellt. Dieser Leitfaden gibt nicht nur eine Schritt-f\u00fcr-Schritt-Anleitung, sondern auch praktische Tipps und Hinweise, um sicherzustellen, dass deine wissenschaftliche Arbeit&nbsp;den&nbsp;akademischen Standard entspricht. Das Dokument ist auf dem Stand vom Februar 2021 und wurde am 23.01.2024 \u00fcberpr\u00fcft.<\/p>\n\n\n\n<div data-wp-interactive=\"core\/file\" class=\"wp-block-file\"><object data-wp-bind--hidden=\"!state.hasPdfPreview\" hidden class=\"wp-block-file__embed\" data=\"https:\/\/www.fsgeo.rwth-aachen.de\/wp-content\/uploads\/2024\/03\/BibliothekWissenschaftlichesSchreiben.pdf\" type=\"application\/pdf\" style=\"width:100%;height:975px\" aria-label=\"Einbettung von BibliothekWissenschaftlichesSchreiben.\"><\/object><a id=\"wp-block-file--media-52f048bb-2e85-4962-a797-f020305daa7c\" href=\"https:\/\/www.fsgeo.rwth-aachen.de\/wp-content\/uploads\/2024\/03\/BibliothekWissenschaftlichesSchreiben.pdf\">BibliothekWissenschaftlichesSchreiben<\/a><a href=\"https:\/\/www.fsgeo.rwth-aachen.de\/wp-content\/uploads\/2024\/03\/BibliothekWissenschaftlichesSchreiben.pdf\" class=\"wp-block-file__button wp-element-button\" download aria-describedby=\"wp-block-file--media-52f048bb-2e85-4962-a797-f020305daa7c\">Herunterladen<\/a><\/div>\n\n\n\n<div style=\"height:975px\" aria-hidden=\"true\" class=\"wp-block-spacer\"><\/div>\n","protected":false},"excerpt":{"rendered":"<p>LaTeX-Template: Hier findest du weitere Informationen zur Erstellung einer wissenschaftlichen Arbeit. Zus\u00e4tzlich dazu steht hier ein LaTeX-Template zur Verf\u00fcgung, das speziell f\u00fcr wissenschaftliche Arbeiten entwickelt wurde. LaTeX ist eine \u00e4u\u00dferst leistungsf\u00e4hige Textsatzsprache, die besonders f\u00fcr wissenschaftliche Dokumente geeignet ist und eine professionelle Formatierung gew\u00e4hrleistet. Mit diesem Template sparst du Zeit bei der Formatierung und kannst dich voll und ganz auf den Inhalt deiner Arbeit konzentrieren. Leitfaden: In diesem umfassenden Leitfaden findest du detaillierte Anweisungen zur Erstellung einer wissenschaftlichen Arbeit. Von &hellip;<\/p>\n","protected":false},"author":1,"featured_media":0,"parent":6831,"menu_order":0,"comment_status":"closed","ping_status":"closed","template":"","meta":{"footnotes":""},"class_list":["post-7786","page","type-page","status-publish","hentry"],"_links":{"self":[{"href":"https:\/\/www.fsgeo.rwth-aachen.de\/index.php?rest_route=\/wp\/v2\/pages\/7786","targetHints":{"allow":["GET"]}}],"collection":[{"href":"https:\/\/www.fsgeo.rwth-aachen.de\/index.php?rest_route=\/wp\/v2\/pages"}],"about":[{"href":"https:\/\/www.fsgeo.rwth-aachen.de\/index.php?rest_route=\/wp\/v2\/types\/page"}],"author":[{"embeddable":true,"href":"https:\/\/www.fsgeo.rwth-aachen.de\/index.php?rest_route=\/wp\/v2\/users\/1"}],"replies":[{"embeddable":true,"href":"https:\/\/www.fsgeo.rwth-aachen.de\/index.php?rest_route=%2Fwp%2Fv2%2Fcomments&post=7786"}],"version-history":[{"count":48,"href":"https:\/\/www.fsgeo.rwth-aachen.de\/index.php?rest_route=\/wp\/v2\/pages\/7786\/revisions"}],"predecessor-version":[{"id":10262,"href":"https:\/\/www.fsgeo.rwth-aachen.de\/index.php?rest_route=\/wp\/v2\/pages\/7786\/revisions\/10262"}],"up":[{"embeddable":true,"href":"https:\/\/www.fsgeo.rwth-aachen.de\/index.php?rest_route=\/wp\/v2\/pages\/6831"}],"wp:attachment":[{"href":"https:\/\/www.fsgeo.rwth-aachen.de\/index.php?rest_route=%2Fwp%2Fv2%2Fmedia&parent=7786"}],"curies":[{"name":"wp","href":"https:\/\/api.w.org\/{rel}","templated":true}]}}