{"id":9440,"date":"2024-03-23T21:15:16","date_gmt":"2024-03-23T20:15:16","guid":{"rendered":"https:\/\/www.fsgeo.rwth-aachen.de\/?page_id=9440"},"modified":"2024-11-01T11:51:22","modified_gmt":"2024-11-01T10:51:22","slug":"exkursionen","status":"publish","type":"page","link":"https:\/\/www.fsgeo.rwth-aachen.de\/?page_id=9440","title":{"rendered":"Exkursionen"},"content":{"rendered":"\n<h2 class=\"wp-block-heading\"><strong>Exkursionen:<\/strong><\/h2>\n\n\n\n<p>Die Teilnahme an einer Exkursion w\u00e4hrend deines Studiums bietet dir eine unsch\u00e4tzbare Gelegenheit ein tieferes Verst\u00e4ndnis f\u00fcr dein Fachgebiet zu entwickeln. Indem du dein theoretisches Wissen direkt vor Ort anwendest, kannst du neue Perspektiven gewinnen und praktische F\u00e4higkeiten entwickeln. Die direkte Interaktion mit Experten, das Erkunden von Standorten und das L\u00f6sen realer Herausforderungen tragen dazu bei, dein Wissen zu vertiefen und dir lebenslange F\u00e4higkeiten zu vermitteln. W\u00e4hrend der Exkursion hast du au\u00dferdem die M\u00f6glichkeit, dich mit deinen Kommilitonen zu vernetzen, Teamarbeit zu st\u00e4rken und potenzielle Karrierem\u00f6glichkeiten zu erkunden. Insgesamt bietet dir eine Exkursion innerhalb deines Studiums eine reichhaltige und bereichernde Bildungserfahrung, die weit \u00fcber die Grenzen des Campus hinausreicht. In unserer Bildergalerie kannst du dir einige Schnappsch\u00fcsse von unseren Exkursionen anschauen. Bei den Bildern handelt es sich um eigene Aufnahmen von Mitgliedern der Fachschaft. Die Weiterverwendung der Bilder ist nicht erlaubt.<\/p>\n\n\n\n<hr class=\"wp-block-separator has-alpha-channel-opacity is-style-wide\"\/>\n\n\n\n<h2 class=\"wp-block-heading\"><strong>Mongolei 2023:<\/strong><\/h2>\n\n\n\n<figure class=\"wp-block-gallery has-nested-images columns-default is-cropped wp-block-gallery-1 is-layout-flex wp-block-gallery-is-layout-flex\">\n<figure class=\"wp-block-image size-large\"><a href=\"https:\/\/www.fsgeo.rwth-aachen.de\/wp-content\/uploads\/2024\/03\/IMG_0761-scaled.jpg\" target=\"_blank\" rel=\"noopener\"><img loading=\"lazy\" decoding=\"async\" width=\"704\" height=\"1024\" data-id=\"9755\" src=\"https:\/\/www.fsgeo.rwth-aachen.de\/wp-content\/uploads\/2024\/03\/IMG_0761-704x1024.jpg\" alt=\"\" class=\"wp-image-9755\" srcset=\"https:\/\/www.fsgeo.rwth-aachen.de\/wp-content\/uploads\/2024\/03\/IMG_0761-704x1024.jpg 704w, https:\/\/www.fsgeo.rwth-aachen.de\/wp-content\/uploads\/2024\/03\/IMG_0761-206x300.jpg 206w, https:\/\/www.fsgeo.rwth-aachen.de\/wp-content\/uploads\/2024\/03\/IMG_0761-768x1117.jpg 768w, https:\/\/www.fsgeo.rwth-aachen.de\/wp-content\/uploads\/2024\/03\/IMG_0761-1056x1536.jpg 1056w, https:\/\/www.fsgeo.rwth-aachen.de\/wp-content\/uploads\/2024\/03\/IMG_0761-1408x2048.jpg 1408w, https:\/\/www.fsgeo.rwth-aachen.de\/wp-content\/uploads\/2024\/03\/IMG_0761-scaled.jpg 1759w\" sizes=\"auto, (max-width: 704px) 100vw, 704px\" \/><\/a><\/figure>\n\n\n\n<figure class=\"wp-block-image size-large\"><a href=\"https:\/\/www.fsgeo.rwth-aachen.de\/wp-content\/uploads\/2024\/03\/IMG_0777-scaled.jpg\" target=\"_blank\" rel=\"noopener\"><img loading=\"lazy\" decoding=\"async\" width=\"1024\" height=\"799\" data-id=\"9752\" src=\"https:\/\/www.fsgeo.rwth-aachen.de\/wp-content\/uploads\/2024\/03\/IMG_0777-1024x799.jpg\" alt=\"\" class=\"wp-image-9752\" srcset=\"https:\/\/www.fsgeo.rwth-aachen.de\/wp-content\/uploads\/2024\/03\/IMG_0777-1024x799.jpg 1024w, https:\/\/www.fsgeo.rwth-aachen.de\/wp-content\/uploads\/2024\/03\/IMG_0777-300x234.jpg 300w, https:\/\/www.fsgeo.rwth-aachen.de\/wp-content\/uploads\/2024\/03\/IMG_0777-768x599.jpg 768w, https:\/\/www.fsgeo.rwth-aachen.de\/wp-content\/uploads\/2024\/03\/IMG_0777-1536x1198.jpg 1536w, https:\/\/www.fsgeo.rwth-aachen.de\/wp-content\/uploads\/2024\/03\/IMG_0777-2048x1597.jpg 2048w, https:\/\/www.fsgeo.rwth-aachen.de\/wp-content\/uploads\/2024\/03\/IMG_0777-385x300.jpg 385w\" sizes=\"auto, (max-width: 1024px) 100vw, 1024px\" \/><\/a><\/figure>\n\n\n\n<figure class=\"wp-block-image size-large\"><a href=\"https:\/\/www.fsgeo.rwth-aachen.de\/wp-content\/uploads\/2024\/03\/IMG_0770-scaled.jpg\" target=\"_blank\" rel=\"noopener\"><img loading=\"lazy\" decoding=\"async\" width=\"1024\" height=\"700\" data-id=\"9751\" src=\"https:\/\/www.fsgeo.rwth-aachen.de\/wp-content\/uploads\/2024\/03\/IMG_0770-1024x700.jpg\" alt=\"\" class=\"wp-image-9751\" srcset=\"https:\/\/www.fsgeo.rwth-aachen.de\/wp-content\/uploads\/2024\/03\/IMG_0770-1024x700.jpg 1024w, https:\/\/www.fsgeo.rwth-aachen.de\/wp-content\/uploads\/2024\/03\/IMG_0770-300x205.jpg 300w, https:\/\/www.fsgeo.rwth-aachen.de\/wp-content\/uploads\/2024\/03\/IMG_0770-768x525.jpg 768w, https:\/\/www.fsgeo.rwth-aachen.de\/wp-content\/uploads\/2024\/03\/IMG_0770-1536x1050.jpg 1536w, https:\/\/www.fsgeo.rwth-aachen.de\/wp-content\/uploads\/2024\/03\/IMG_0770-2048x1400.jpg 2048w, https:\/\/www.fsgeo.rwth-aachen.de\/wp-content\/uploads\/2024\/03\/IMG_0770-439x300.jpg 439w\" sizes=\"auto, (max-width: 1024px) 100vw, 1024px\" \/><\/a><\/figure>\n\n\n\n<figure class=\"wp-block-image size-large\"><a href=\"https:\/\/www.fsgeo.rwth-aachen.de\/wp-content\/uploads\/2024\/03\/IMG_0778-scaled.jpg\" target=\"_blank\" rel=\"noopener\"><img loading=\"lazy\" decoding=\"async\" width=\"1024\" height=\"683\" data-id=\"9753\" src=\"https:\/\/www.fsgeo.rwth-aachen.de\/wp-content\/uploads\/2024\/03\/IMG_0778-1024x683.jpg\" alt=\"\" class=\"wp-image-9753\" srcset=\"https:\/\/www.fsgeo.rwth-aachen.de\/wp-content\/uploads\/2024\/03\/IMG_0778-1024x683.jpg 1024w, https:\/\/www.fsgeo.rwth-aachen.de\/wp-content\/uploads\/2024\/03\/IMG_0778-300x200.jpg 300w, https:\/\/www.fsgeo.rwth-aachen.de\/wp-content\/uploads\/2024\/03\/IMG_0778-768x512.jpg 768w, https:\/\/www.fsgeo.rwth-aachen.de\/wp-content\/uploads\/2024\/03\/IMG_0778-1536x1024.jpg 1536w, https:\/\/www.fsgeo.rwth-aachen.de\/wp-content\/uploads\/2024\/03\/IMG_0778-2048x1366.jpg 2048w, https:\/\/www.fsgeo.rwth-aachen.de\/wp-content\/uploads\/2024\/03\/IMG_0778-450x300.jpg 450w\" sizes=\"auto, (max-width: 1024px) 100vw, 1024px\" \/><\/a><\/figure>\n\n\n\n<figure class=\"wp-block-image size-large\"><a href=\"https:\/\/www.fsgeo.rwth-aachen.de\/wp-content\/uploads\/2024\/03\/Mongolei2-scaled.jpg\" target=\"_blank\" rel=\"noopener\"><img loading=\"lazy\" decoding=\"async\" width=\"1024\" height=\"687\" data-id=\"9754\" src=\"https:\/\/www.fsgeo.rwth-aachen.de\/wp-content\/uploads\/2024\/03\/Mongolei2-1024x687.jpg\" alt=\"\" class=\"wp-image-9754\" srcset=\"https:\/\/www.fsgeo.rwth-aachen.de\/wp-content\/uploads\/2024\/03\/Mongolei2-1024x687.jpg 1024w, https:\/\/www.fsgeo.rwth-aachen.de\/wp-content\/uploads\/2024\/03\/Mongolei2-300x201.jpg 300w, https:\/\/www.fsgeo.rwth-aachen.de\/wp-content\/uploads\/2024\/03\/Mongolei2-768x515.jpg 768w, https:\/\/www.fsgeo.rwth-aachen.de\/wp-content\/uploads\/2024\/03\/Mongolei2-1536x1031.jpg 1536w, https:\/\/www.fsgeo.rwth-aachen.de\/wp-content\/uploads\/2024\/03\/Mongolei2-2048x1374.jpg 2048w, https:\/\/www.fsgeo.rwth-aachen.de\/wp-content\/uploads\/2024\/03\/Mongolei2-447x300.jpg 447w\" sizes=\"auto, (max-width: 1024px) 100vw, 1024px\" \/><\/a><\/figure>\n\n\n\n<figure class=\"wp-block-image size-large\"><a href=\"https:\/\/www.fsgeo.rwth-aachen.de\/wp-content\/uploads\/2024\/03\/IMG_0755-scaled.jpg\" target=\"_blank\" rel=\"noopener\"><img loading=\"lazy\" decoding=\"async\" width=\"1024\" height=\"650\" data-id=\"9760\" src=\"https:\/\/www.fsgeo.rwth-aachen.de\/wp-content\/uploads\/2024\/03\/IMG_0755-1024x650.jpg\" alt=\"\" class=\"wp-image-9760\" srcset=\"https:\/\/www.fsgeo.rwth-aachen.de\/wp-content\/uploads\/2024\/03\/IMG_0755-1024x650.jpg 1024w, https:\/\/www.fsgeo.rwth-aachen.de\/wp-content\/uploads\/2024\/03\/IMG_0755-300x190.jpg 300w, https:\/\/www.fsgeo.rwth-aachen.de\/wp-content\/uploads\/2024\/03\/IMG_0755-768x488.jpg 768w, https:\/\/www.fsgeo.rwth-aachen.de\/wp-content\/uploads\/2024\/03\/IMG_0755-1536x975.jpg 1536w, https:\/\/www.fsgeo.rwth-aachen.de\/wp-content\/uploads\/2024\/03\/IMG_0755-2048x1300.jpg 2048w, https:\/\/www.fsgeo.rwth-aachen.de\/wp-content\/uploads\/2024\/03\/IMG_0755-473x300.jpg 473w\" sizes=\"auto, (max-width: 1024px) 100vw, 1024px\" \/><\/a><\/figure>\n\n\n\n<figure class=\"wp-block-image size-large\"><a href=\"https:\/\/www.fsgeo.rwth-aachen.de\/wp-content\/uploads\/2024\/03\/IMG_0758-scaled.jpg\" target=\"_blank\" rel=\"noopener\"><img loading=\"lazy\" decoding=\"async\" width=\"1024\" height=\"683\" data-id=\"9759\" src=\"https:\/\/www.fsgeo.rwth-aachen.de\/wp-content\/uploads\/2024\/03\/IMG_0758-1024x683.jpg\" alt=\"\" class=\"wp-image-9759\" srcset=\"https:\/\/www.fsgeo.rwth-aachen.de\/wp-content\/uploads\/2024\/03\/IMG_0758-1024x683.jpg 1024w, https:\/\/www.fsgeo.rwth-aachen.de\/wp-content\/uploads\/2024\/03\/IMG_0758-300x200.jpg 300w, https:\/\/www.fsgeo.rwth-aachen.de\/wp-content\/uploads\/2024\/03\/IMG_0758-768x512.jpg 768w, https:\/\/www.fsgeo.rwth-aachen.de\/wp-content\/uploads\/2024\/03\/IMG_0758-1536x1025.jpg 1536w, https:\/\/www.fsgeo.rwth-aachen.de\/wp-content\/uploads\/2024\/03\/IMG_0758-2048x1367.jpg 2048w, https:\/\/www.fsgeo.rwth-aachen.de\/wp-content\/uploads\/2024\/03\/IMG_0758-450x300.jpg 450w\" sizes=\"auto, (max-width: 1024px) 100vw, 1024px\" \/><\/a><\/figure>\n\n\n\n<figure class=\"wp-block-image size-large\"><a href=\"https:\/\/www.fsgeo.rwth-aachen.de\/wp-content\/uploads\/2024\/03\/IMG_0789-scaled.jpg\" target=\"_blank\" rel=\"noopener\"><img loading=\"lazy\" decoding=\"async\" width=\"703\" height=\"1024\" data-id=\"9756\" src=\"https:\/\/www.fsgeo.rwth-aachen.de\/wp-content\/uploads\/2024\/03\/IMG_0789-703x1024.jpg\" alt=\"\" class=\"wp-image-9756\" srcset=\"https:\/\/www.fsgeo.rwth-aachen.de\/wp-content\/uploads\/2024\/03\/IMG_0789-703x1024.jpg 703w, https:\/\/www.fsgeo.rwth-aachen.de\/wp-content\/uploads\/2024\/03\/IMG_0789-206x300.jpg 206w, https:\/\/www.fsgeo.rwth-aachen.de\/wp-content\/uploads\/2024\/03\/IMG_0789-768x1118.jpg 768w, https:\/\/www.fsgeo.rwth-aachen.de\/wp-content\/uploads\/2024\/03\/IMG_0789-1055x1536.jpg 1055w, https:\/\/www.fsgeo.rwth-aachen.de\/wp-content\/uploads\/2024\/03\/IMG_0789-1406x2048.jpg 1406w, https:\/\/www.fsgeo.rwth-aachen.de\/wp-content\/uploads\/2024\/03\/IMG_0789-scaled.jpg 1758w\" sizes=\"auto, (max-width: 703px) 100vw, 703px\" \/><\/a><\/figure>\n\n\n\n<figure class=\"wp-block-image size-large\"><a href=\"https:\/\/www.fsgeo.rwth-aachen.de\/wp-content\/uploads\/2024\/03\/IMG_0759-scaled.jpg\" target=\"_blank\" rel=\"noopener\"><img loading=\"lazy\" decoding=\"async\" width=\"653\" height=\"1024\" data-id=\"9758\" src=\"https:\/\/www.fsgeo.rwth-aachen.de\/wp-content\/uploads\/2024\/03\/IMG_0759-653x1024.jpg\" alt=\"\" class=\"wp-image-9758\" srcset=\"https:\/\/www.fsgeo.rwth-aachen.de\/wp-content\/uploads\/2024\/03\/IMG_0759-653x1024.jpg 653w, https:\/\/www.fsgeo.rwth-aachen.de\/wp-content\/uploads\/2024\/03\/IMG_0759-191x300.jpg 191w, https:\/\/www.fsgeo.rwth-aachen.de\/wp-content\/uploads\/2024\/03\/IMG_0759-768x1204.jpg 768w, https:\/\/www.fsgeo.rwth-aachen.de\/wp-content\/uploads\/2024\/03\/IMG_0759-980x1536.jpg 980w, https:\/\/www.fsgeo.rwth-aachen.de\/wp-content\/uploads\/2024\/03\/IMG_0759-1307x2048.jpg 1307w, https:\/\/www.fsgeo.rwth-aachen.de\/wp-content\/uploads\/2024\/03\/IMG_0759-scaled.jpg 1633w\" sizes=\"auto, (max-width: 653px) 100vw, 653px\" \/><\/a><\/figure>\n<\/figure>\n\n\n\n<hr class=\"wp-block-separator has-alpha-channel-opacity is-style-wide\"\/>\n\n\n\n<h2 class=\"wp-block-heading\"><strong>Schottland 2023:<\/strong><\/h2>\n\n\n\n<figure class=\"wp-block-gallery has-nested-images columns-default is-cropped wp-block-gallery-2 is-layout-flex wp-block-gallery-is-layout-flex\">\n<figure class=\"wp-block-image size-large\"><a href=\"https:\/\/www.fsgeo.rwth-aachen.de\/wp-content\/uploads\/2024\/03\/IMG_20230901_105442-scaled.jpg\" target=\"_blank\" rel=\"noopener\"><img loading=\"lazy\" decoding=\"async\" width=\"1024\" height=\"768\" data-id=\"9477\" src=\"https:\/\/www.fsgeo.rwth-aachen.de\/wp-content\/uploads\/2024\/03\/IMG_20230901_105442-1024x768.jpg\" alt=\"\" class=\"wp-image-9477\" srcset=\"https:\/\/www.fsgeo.rwth-aachen.de\/wp-content\/uploads\/2024\/03\/IMG_20230901_105442-1024x768.jpg 1024w, https:\/\/www.fsgeo.rwth-aachen.de\/wp-content\/uploads\/2024\/03\/IMG_20230901_105442-300x225.jpg 300w, https:\/\/www.fsgeo.rwth-aachen.de\/wp-content\/uploads\/2024\/03\/IMG_20230901_105442-768x576.jpg 768w, https:\/\/www.fsgeo.rwth-aachen.de\/wp-content\/uploads\/2024\/03\/IMG_20230901_105442-1536x1152.jpg 1536w, https:\/\/www.fsgeo.rwth-aachen.de\/wp-content\/uploads\/2024\/03\/IMG_20230901_105442-2048x1536.jpg 2048w, https:\/\/www.fsgeo.rwth-aachen.de\/wp-content\/uploads\/2024\/03\/IMG_20230901_105442-400x300.jpg 400w\" sizes=\"auto, (max-width: 1024px) 100vw, 1024px\" \/><\/a><\/figure>\n\n\n\n<figure class=\"wp-block-image size-large\"><a href=\"https:\/\/www.fsgeo.rwth-aachen.de\/wp-content\/uploads\/2024\/03\/IMG_20230831_132135-scaled.jpg\" target=\"_blank\" rel=\"noopener\"><img loading=\"lazy\" decoding=\"async\" width=\"768\" height=\"1024\" data-id=\"9476\" src=\"https:\/\/www.fsgeo.rwth-aachen.de\/wp-content\/uploads\/2024\/03\/IMG_20230831_132135-768x1024.jpg\" alt=\"\" class=\"wp-image-9476\" srcset=\"https:\/\/www.fsgeo.rwth-aachen.de\/wp-content\/uploads\/2024\/03\/IMG_20230831_132135-768x1024.jpg 768w, https:\/\/www.fsgeo.rwth-aachen.de\/wp-content\/uploads\/2024\/03\/IMG_20230831_132135-225x300.jpg 225w, https:\/\/www.fsgeo.rwth-aachen.de\/wp-content\/uploads\/2024\/03\/IMG_20230831_132135-1152x1536.jpg 1152w, https:\/\/www.fsgeo.rwth-aachen.de\/wp-content\/uploads\/2024\/03\/IMG_20230831_132135-1536x2048.jpg 1536w, https:\/\/www.fsgeo.rwth-aachen.de\/wp-content\/uploads\/2024\/03\/IMG_20230831_132135-scaled.jpg 1920w\" sizes=\"auto, (max-width: 768px) 100vw, 768px\" \/><\/a><\/figure>\n\n\n\n<figure class=\"wp-block-image size-large\"><a href=\"https:\/\/www.fsgeo.rwth-aachen.de\/wp-content\/uploads\/2024\/03\/IMG_20230901_104032-scaled.jpg\" target=\"_blank\" rel=\"noopener\"><img loading=\"lazy\" decoding=\"async\" width=\"768\" height=\"1024\" data-id=\"9471\" src=\"https:\/\/www.fsgeo.rwth-aachen.de\/wp-content\/uploads\/2024\/03\/IMG_20230901_104032-768x1024.jpg\" alt=\"\" class=\"wp-image-9471\" srcset=\"https:\/\/www.fsgeo.rwth-aachen.de\/wp-content\/uploads\/2024\/03\/IMG_20230901_104032-768x1024.jpg 768w, https:\/\/www.fsgeo.rwth-aachen.de\/wp-content\/uploads\/2024\/03\/IMG_20230901_104032-225x300.jpg 225w, https:\/\/www.fsgeo.rwth-aachen.de\/wp-content\/uploads\/2024\/03\/IMG_20230901_104032-1152x1536.jpg 1152w, https:\/\/www.fsgeo.rwth-aachen.de\/wp-content\/uploads\/2024\/03\/IMG_20230901_104032-1536x2048.jpg 1536w, https:\/\/www.fsgeo.rwth-aachen.de\/wp-content\/uploads\/2024\/03\/IMG_20230901_104032-scaled.jpg 1920w\" sizes=\"auto, (max-width: 768px) 100vw, 768px\" \/><\/a><\/figure>\n\n\n\n<figure class=\"wp-block-image size-large\"><a href=\"https:\/\/www.fsgeo.rwth-aachen.de\/wp-content\/uploads\/2024\/03\/IMG_20230901_104530-scaled.jpg\" target=\"_blank\" rel=\"noopener\"><img loading=\"lazy\" decoding=\"async\" width=\"1024\" height=\"768\" data-id=\"9481\" src=\"https:\/\/www.fsgeo.rwth-aachen.de\/wp-content\/uploads\/2024\/03\/IMG_20230901_104530-1024x768.jpg\" alt=\"\" class=\"wp-image-9481\" srcset=\"https:\/\/www.fsgeo.rwth-aachen.de\/wp-content\/uploads\/2024\/03\/IMG_20230901_104530-1024x768.jpg 1024w, https:\/\/www.fsgeo.rwth-aachen.de\/wp-content\/uploads\/2024\/03\/IMG_20230901_104530-300x225.jpg 300w, https:\/\/www.fsgeo.rwth-aachen.de\/wp-content\/uploads\/2024\/03\/IMG_20230901_104530-768x576.jpg 768w, https:\/\/www.fsgeo.rwth-aachen.de\/wp-content\/uploads\/2024\/03\/IMG_20230901_104530-1536x1152.jpg 1536w, https:\/\/www.fsgeo.rwth-aachen.de\/wp-content\/uploads\/2024\/03\/IMG_20230901_104530-2048x1536.jpg 2048w, https:\/\/www.fsgeo.rwth-aachen.de\/wp-content\/uploads\/2024\/03\/IMG_20230901_104530-400x300.jpg 400w\" sizes=\"auto, (max-width: 1024px) 100vw, 1024px\" \/><\/a><\/figure>\n\n\n\n<figure class=\"wp-block-image size-large\"><a href=\"https:\/\/www.fsgeo.rwth-aachen.de\/wp-content\/uploads\/2024\/03\/IMG_20230831_213023-scaled.jpg\" target=\"_blank\" rel=\"noopener\"><img loading=\"lazy\" decoding=\"async\" width=\"1024\" height=\"768\" data-id=\"9473\" src=\"https:\/\/www.fsgeo.rwth-aachen.de\/wp-content\/uploads\/2024\/03\/IMG_20230831_213023-1024x768.jpg\" alt=\"\" class=\"wp-image-9473\" srcset=\"https:\/\/www.fsgeo.rwth-aachen.de\/wp-content\/uploads\/2024\/03\/IMG_20230831_213023-1024x768.jpg 1024w, https:\/\/www.fsgeo.rwth-aachen.de\/wp-content\/uploads\/2024\/03\/IMG_20230831_213023-300x225.jpg 300w, https:\/\/www.fsgeo.rwth-aachen.de\/wp-content\/uploads\/2024\/03\/IMG_20230831_213023-768x576.jpg 768w, https:\/\/www.fsgeo.rwth-aachen.de\/wp-content\/uploads\/2024\/03\/IMG_20230831_213023-1536x1152.jpg 1536w, https:\/\/www.fsgeo.rwth-aachen.de\/wp-content\/uploads\/2024\/03\/IMG_20230831_213023-2048x1536.jpg 2048w, https:\/\/www.fsgeo.rwth-aachen.de\/wp-content\/uploads\/2024\/03\/IMG_20230831_213023-400x300.jpg 400w\" sizes=\"auto, (max-width: 1024px) 100vw, 1024px\" \/><\/a><\/figure>\n\n\n\n<figure class=\"wp-block-image size-large\"><a href=\"https:\/\/www.fsgeo.rwth-aachen.de\/wp-content\/uploads\/2024\/03\/IMG_20230901_103613-scaled.jpg\" target=\"_blank\" rel=\"noopener\"><img loading=\"lazy\" decoding=\"async\" width=\"1024\" height=\"768\" data-id=\"9475\" src=\"https:\/\/www.fsgeo.rwth-aachen.de\/wp-content\/uploads\/2024\/03\/IMG_20230901_103613-1024x768.jpg\" alt=\"\" class=\"wp-image-9475\" srcset=\"https:\/\/www.fsgeo.rwth-aachen.de\/wp-content\/uploads\/2024\/03\/IMG_20230901_103613-1024x768.jpg 1024w, https:\/\/www.fsgeo.rwth-aachen.de\/wp-content\/uploads\/2024\/03\/IMG_20230901_103613-300x225.jpg 300w, https:\/\/www.fsgeo.rwth-aachen.de\/wp-content\/uploads\/2024\/03\/IMG_20230901_103613-768x576.jpg 768w, https:\/\/www.fsgeo.rwth-aachen.de\/wp-content\/uploads\/2024\/03\/IMG_20230901_103613-1536x1152.jpg 1536w, https:\/\/www.fsgeo.rwth-aachen.de\/wp-content\/uploads\/2024\/03\/IMG_20230901_103613-2048x1536.jpg 2048w, https:\/\/www.fsgeo.rwth-aachen.de\/wp-content\/uploads\/2024\/03\/IMG_20230901_103613-400x300.jpg 400w\" sizes=\"auto, (max-width: 1024px) 100vw, 1024px\" \/><\/a><\/figure>\n\n\n\n<figure class=\"wp-block-image size-large\"><a href=\"https:\/\/www.fsgeo.rwth-aachen.de\/wp-content\/uploads\/2024\/03\/IMG_20230831_181904-scaled.jpg\" target=\"_blank\" rel=\"noopener\"><img loading=\"lazy\" decoding=\"async\" width=\"1024\" height=\"768\" data-id=\"9474\" src=\"https:\/\/www.fsgeo.rwth-aachen.de\/wp-content\/uploads\/2024\/03\/IMG_20230831_181904-1024x768.jpg\" alt=\"\" class=\"wp-image-9474\" srcset=\"https:\/\/www.fsgeo.rwth-aachen.de\/wp-content\/uploads\/2024\/03\/IMG_20230831_181904-1024x768.jpg 1024w, https:\/\/www.fsgeo.rwth-aachen.de\/wp-content\/uploads\/2024\/03\/IMG_20230831_181904-300x225.jpg 300w, https:\/\/www.fsgeo.rwth-aachen.de\/wp-content\/uploads\/2024\/03\/IMG_20230831_181904-768x576.jpg 768w, https:\/\/www.fsgeo.rwth-aachen.de\/wp-content\/uploads\/2024\/03\/IMG_20230831_181904-1536x1152.jpg 1536w, https:\/\/www.fsgeo.rwth-aachen.de\/wp-content\/uploads\/2024\/03\/IMG_20230831_181904-2048x1536.jpg 2048w, https:\/\/www.fsgeo.rwth-aachen.de\/wp-content\/uploads\/2024\/03\/IMG_20230831_181904-400x300.jpg 400w\" sizes=\"auto, (max-width: 1024px) 100vw, 1024px\" \/><\/a><\/figure>\n\n\n\n<figure class=\"wp-block-image size-large\"><a href=\"https:\/\/www.fsgeo.rwth-aachen.de\/wp-content\/uploads\/2024\/03\/IMG_20230831_171858-scaled.jpg\" target=\"_blank\" rel=\"noopener\"><img loading=\"lazy\" decoding=\"async\" width=\"1024\" height=\"768\" data-id=\"9469\" src=\"https:\/\/www.fsgeo.rwth-aachen.de\/wp-content\/uploads\/2024\/03\/IMG_20230831_171858-1024x768.jpg\" alt=\"\" class=\"wp-image-9469\" srcset=\"https:\/\/www.fsgeo.rwth-aachen.de\/wp-content\/uploads\/2024\/03\/IMG_20230831_171858-1024x768.jpg 1024w, https:\/\/www.fsgeo.rwth-aachen.de\/wp-content\/uploads\/2024\/03\/IMG_20230831_171858-300x225.jpg 300w, https:\/\/www.fsgeo.rwth-aachen.de\/wp-content\/uploads\/2024\/03\/IMG_20230831_171858-768x576.jpg 768w, https:\/\/www.fsgeo.rwth-aachen.de\/wp-content\/uploads\/2024\/03\/IMG_20230831_171858-1536x1152.jpg 1536w, https:\/\/www.fsgeo.rwth-aachen.de\/wp-content\/uploads\/2024\/03\/IMG_20230831_171858-2048x1536.jpg 2048w, https:\/\/www.fsgeo.rwth-aachen.de\/wp-content\/uploads\/2024\/03\/IMG_20230831_171858-400x300.jpg 400w\" sizes=\"auto, (max-width: 1024px) 100vw, 1024px\" \/><\/a><\/figure>\n\n\n\n<figure class=\"wp-block-image size-large\"><a href=\"https:\/\/www.fsgeo.rwth-aachen.de\/wp-content\/uploads\/2024\/03\/IMG_20230831_131842-scaled.jpg\" target=\"_blank\" rel=\"noopener\"><img loading=\"lazy\" decoding=\"async\" width=\"1024\" height=\"768\" data-id=\"9472\" src=\"https:\/\/www.fsgeo.rwth-aachen.de\/wp-content\/uploads\/2024\/03\/IMG_20230831_131842-1024x768.jpg\" alt=\"\" class=\"wp-image-9472\" srcset=\"https:\/\/www.fsgeo.rwth-aachen.de\/wp-content\/uploads\/2024\/03\/IMG_20230831_131842-1024x768.jpg 1024w, https:\/\/www.fsgeo.rwth-aachen.de\/wp-content\/uploads\/2024\/03\/IMG_20230831_131842-300x225.jpg 300w, https:\/\/www.fsgeo.rwth-aachen.de\/wp-content\/uploads\/2024\/03\/IMG_20230831_131842-768x576.jpg 768w, https:\/\/www.fsgeo.rwth-aachen.de\/wp-content\/uploads\/2024\/03\/IMG_20230831_131842-1536x1152.jpg 1536w, https:\/\/www.fsgeo.rwth-aachen.de\/wp-content\/uploads\/2024\/03\/IMG_20230831_131842-2048x1536.jpg 2048w, https:\/\/www.fsgeo.rwth-aachen.de\/wp-content\/uploads\/2024\/03\/IMG_20230831_131842-400x300.jpg 400w\" sizes=\"auto, (max-width: 1024px) 100vw, 1024px\" \/><\/a><\/figure>\n<\/figure>\n\n\n\n<div class=\"wp-block-group has-normal-font-size\"><div class=\"wp-block-group__inner-container is-layout-constrained wp-block-group-is-layout-constrained\">\n<p><\/p>\n<\/div><\/div>\n\n\n\n<hr class=\"wp-block-separator has-alpha-channel-opacity is-style-wide\"\/>\n\n\n\n<div class=\"wp-block-cover alignfull has-white-color has-text-color\" style=\"margin-top:0;padding-top:4vw;padding-right:4vw;padding-bottom:4vw;padding-left:4vw;min-height:66vh;aspect-ratio:unset;\"><span aria-hidden=\"true\" class=\"wp-block-cover__background has-black-background-color has-background-dim-100 has-background-dim\"><\/span><div class=\"wp-block-cover__inner-container is-layout-flow wp-block-cover-is-layout-flow\">\n<div class=\"wp-block-group is-content-justification-left\"><div class=\"wp-block-group__inner-container is-layout-constrained wp-container-core-group-is-layout-76bb3733 wp-block-group-is-layout-constrained\">\n<figure class=\"wp-block-image size-large\"><img loading=\"lazy\" decoding=\"async\" width=\"709\" height=\"1024\" src=\"https:\/\/www.fsgeo.rwth-aachen.de\/wp-content\/uploads\/2024\/08\/Screenshot-2024-08-26-104913-709x1024.jpg\" alt=\"\" class=\"wp-image-10029\" srcset=\"https:\/\/www.fsgeo.rwth-aachen.de\/wp-content\/uploads\/2024\/08\/Screenshot-2024-08-26-104913-709x1024.jpg 709w, https:\/\/www.fsgeo.rwth-aachen.de\/wp-content\/uploads\/2024\/08\/Screenshot-2024-08-26-104913-208x300.jpg 208w, https:\/\/www.fsgeo.rwth-aachen.de\/wp-content\/uploads\/2024\/08\/Screenshot-2024-08-26-104913-768x1110.jpg 768w, https:\/\/www.fsgeo.rwth-aachen.de\/wp-content\/uploads\/2024\/08\/Screenshot-2024-08-26-104913.jpg 1051w\" sizes=\"auto, (max-width: 709px) 100vw, 709px\" \/><\/figure>\n<\/div><\/div>\n<\/div><\/div>\n","protected":false},"excerpt":{"rendered":"<p>Exkursionen: Die Teilnahme an einer Exkursion w\u00e4hrend deines Studiums bietet dir eine unsch\u00e4tzbare Gelegenheit ein tieferes Verst\u00e4ndnis f\u00fcr dein Fachgebiet zu entwickeln. Indem du dein theoretisches Wissen direkt vor Ort anwendest, kannst du neue Perspektiven gewinnen und praktische F\u00e4higkeiten entwickeln. Die direkte Interaktion mit Experten, das Erkunden von Standorten und das L\u00f6sen realer Herausforderungen tragen dazu bei, dein Wissen zu vertiefen und dir lebenslange F\u00e4higkeiten zu vermitteln. W\u00e4hrend der Exkursion hast du au\u00dferdem die M\u00f6glichkeit, dich mit deinen Kommilitonen zu &hellip;<\/p>\n","protected":false},"author":1,"featured_media":0,"parent":0,"menu_order":0,"comment_status":"closed","ping_status":"closed","template":"","meta":{"footnotes":""},"class_list":["post-9440","page","type-page","status-publish","hentry"],"_links":{"self":[{"href":"https:\/\/www.fsgeo.rwth-aachen.de\/index.php?rest_route=\/wp\/v2\/pages\/9440","targetHints":{"allow":["GET"]}}],"collection":[{"href":"https:\/\/www.fsgeo.rwth-aachen.de\/index.php?rest_route=\/wp\/v2\/pages"}],"about":[{"href":"https:\/\/www.fsgeo.rwth-aachen.de\/index.php?rest_route=\/wp\/v2\/types\/page"}],"author":[{"embeddable":true,"href":"https:\/\/www.fsgeo.rwth-aachen.de\/index.php?rest_route=\/wp\/v2\/users\/1"}],"replies":[{"embeddable":true,"href":"https:\/\/www.fsgeo.rwth-aachen.de\/index.php?rest_route=%2Fwp%2Fv2%2Fcomments&post=9440"}],"version-history":[{"count":31,"href":"https:\/\/www.fsgeo.rwth-aachen.de\/index.php?rest_route=\/wp\/v2\/pages\/9440\/revisions"}],"predecessor-version":[{"id":10245,"href":"https:\/\/www.fsgeo.rwth-aachen.de\/index.php?rest_route=\/wp\/v2\/pages\/9440\/revisions\/10245"}],"wp:attachment":[{"href":"https:\/\/www.fsgeo.rwth-aachen.de\/index.php?rest_route=%2Fwp%2Fv2%2Fmedia&parent=9440"}],"curies":[{"name":"wp","href":"https:\/\/api.w.org\/{rel}","templated":true}]}}