{"id":9499,"date":"2024-03-23T22:41:46","date_gmt":"2024-03-23T21:41:46","guid":{"rendered":"https:\/\/www.fsgeo.rwth-aachen.de\/?page_id=9499"},"modified":"2025-11-30T11:55:53","modified_gmt":"2025-11-30T10:55:53","slug":"neue-startseite","status":"publish","type":"page","link":"https:\/\/www.fsgeo.rwth-aachen.de\/","title":{"rendered":"Home"},"content":{"rendered":"\n<div class=\"wp-block-group alignfull\"><div class=\"wp-block-group__inner-container is-layout-constrained wp-block-group-is-layout-constrained\">\n<div class=\"wp-block-query alignfull is-layout-flow wp-block-query-is-layout-flow\">\n<div class=\"wp-block-columns is-layout-flex wp-container-core-columns-is-layout-9d6595d7 wp-block-columns-is-layout-flex\">\n<div class=\"wp-block-column is-layout-flow wp-block-column-is-layout-flow\" style=\"flex-basis:80%\">\n<div class=\"wp-block-group alignfull\" style=\"padding-top:var(--wp--preset--spacing--40);padding-right:var(--wp--preset--spacing--40);padding-bottom:var(--wp--preset--spacing--40);padding-left:var(--wp--preset--spacing--40)\"><div class=\"wp-block-group__inner-container is-layout-flow wp-block-group-is-layout-flow\"><ul style=\"text-transform:none;\" class=\"wp-block-post-template has-larger-font-size is-layout-flow wp-block-post-template-is-layout-flow\"><li class=\"wp-block-post post-10319 post type-post status-publish format-standard hentry category-allgemein\">\n\n<div class=\"wp-block-group is-content-justification-left\"><div class=\"wp-block-group__inner-container is-layout-constrained wp-container-core-group-is-layout-b4bdc4c8 wp-block-group-is-layout-constrained\">\n<div class=\"wp-block-group alignwide is-vertical is-layout-flex wp-container-core-group-is-layout-438e4d21 wp-block-group-is-layout-flex\" style=\"padding-bottom:var(--wp--preset--spacing--80)\"><div style=\"font-size:0.9rem;letter-spacing:1px; margin-top:0;margin-right:0;margin-bottom:0;margin-left:0;\" class=\"has-text-align-left has-link-color wp-elements-5599b62b56904c5408ce764ba1a18b73 wp-block-post-date has-text-color has-contrast-color\"><time datetime=\"2025-09-16T14:28:52+01:00\">9\/16\/2025<\/time><\/div>\n\n\n<div class=\"wp-block-group\" style=\"margin-top:0;margin-bottom:0\"><div class=\"wp-block-group__inner-container is-layout-constrained wp-block-group-is-layout-constrained\"><h1 style=\"font-size:3rem;font-style:normal;font-weight:600;line-height:1;\" class=\"has-link-color wp-elements-309fdd551c16c6abfea6579f808c3296 wp-block-post-title has-text-color has-contrast-color\"><a href=\"https:\/\/www.fsgeo.rwth-aachen.de\/?p=10319\" target=\"_self\" >Erstiwoche ab 6. Oktober!<\/a><\/h1>\n\n<div style=\"line-height:1.7;\" class=\"wp-block-post-excerpt has-normal-font-size\"><p class=\"wp-block-post-excerpt__excerpt\">Im Folgenden findest du die Ablaufpl\u00e4ne f\u00fcr die Erstiwoche des Wintersemesters 2025\/2026. In diesen sind alle wichtigen Termine und Veranstaltungen aufgef\u00fchrt. Die Erstiwoche bietet eine ideale Gelegenheit, um deine Kommilitonen kennenzulernen und gemeinsam ins Studium zu starten. Die Teilnahme wird empfohlen, da viele der in der Erstiwoche gekn\u00fcpften Freundschaften das gesamte Studium \u00fcber halten. Von&hellip; <\/p><\/div><\/div><\/div>\n<\/div>\n<\/div><\/div>\n\n<\/li><li class=\"wp-block-post post-10308 post type-post status-publish format-standard hentry category-allgemein\">\n\n<div class=\"wp-block-group is-content-justification-left\"><div class=\"wp-block-group__inner-container is-layout-constrained wp-container-core-group-is-layout-b4bdc4c8 wp-block-group-is-layout-constrained\">\n<div class=\"wp-block-group alignwide is-vertical is-layout-flex wp-container-core-group-is-layout-438e4d21 wp-block-group-is-layout-flex\" style=\"padding-bottom:var(--wp--preset--spacing--80)\"><div style=\"font-size:0.9rem;letter-spacing:1px; margin-top:0;margin-right:0;margin-bottom:0;margin-left:0;\" class=\"has-text-align-left has-link-color wp-elements-5599b62b56904c5408ce764ba1a18b73 wp-block-post-date has-text-color has-contrast-color\"><time datetime=\"2025-06-05T15:15:02+01:00\">6\/5\/2025<\/time><\/div>\n\n\n<div class=\"wp-block-group\" style=\"margin-top:0;margin-bottom:0\"><div class=\"wp-block-group__inner-container is-layout-constrained wp-block-group-is-layout-constrained\"><h1 style=\"font-size:3rem;font-style:normal;font-weight:600;line-height:1;\" class=\"has-link-color wp-elements-309fdd551c16c6abfea6579f808c3296 wp-block-post-title has-text-color has-contrast-color\"><a href=\"https:\/\/www.fsgeo.rwth-aachen.de\/?p=10308\" target=\"_self\" >Hi5Party am 22. Mai!<\/a><\/h1>\n\n<div style=\"line-height:1.7;\" class=\"wp-block-post-excerpt has-normal-font-size\"><p class=\"wp-block-post-excerpt__excerpt\">In knapp einer Woche ist es wieder soweit: Dann hei\u00dft es \u201eVegas Baby\u201c, wenn die 5er Fachschaften ihre j\u00e4hrliche legend\u00e4re Fachschaftsparty veranstalten \u2013 die Hi 5 Party! Das diesj\u00e4hrige Motto lautet: Las Vegas! F\u00fcr euch lassen wir das Apollo im Glanz erstrahlen und freuen uns darauf, gemeinsam einen unvergesslichen Abend zu verbringen. Denn wie man&hellip; <\/p><\/div><\/div><\/div>\n<\/div>\n<\/div><\/div>\n\n<\/li><li class=\"wp-block-post post-10305 post type-post status-publish format-standard hentry category-allgemein\">\n\n<div class=\"wp-block-group is-content-justification-left\"><div class=\"wp-block-group__inner-container is-layout-constrained wp-container-core-group-is-layout-b4bdc4c8 wp-block-group-is-layout-constrained\">\n<div class=\"wp-block-group alignwide is-vertical is-layout-flex wp-container-core-group-is-layout-438e4d21 wp-block-group-is-layout-flex\" style=\"padding-bottom:var(--wp--preset--spacing--80)\"><div style=\"font-size:0.9rem;letter-spacing:1px; margin-top:0;margin-right:0;margin-bottom:0;margin-left:0;\" class=\"has-text-align-left has-link-color wp-elements-5599b62b56904c5408ce764ba1a18b73 wp-block-post-date has-text-color has-contrast-color\"><time datetime=\"2025-06-05T15:09:27+01:00\">6\/5\/2025<\/time><\/div>\n\n\n<div class=\"wp-block-group\" style=\"margin-top:0;margin-bottom:0\"><div class=\"wp-block-group__inner-container is-layout-constrained wp-block-group-is-layout-constrained\"><h1 style=\"font-size:3rem;font-style:normal;font-weight:600;line-height:1;\" class=\"has-link-color wp-elements-309fdd551c16c6abfea6579f808c3296 wp-block-post-title has-text-color has-contrast-color\"><a href=\"https:\/\/www.fsgeo.rwth-aachen.de\/?p=10305\" target=\"_self\" >Vollversammlung am 6. Mai!<\/a><\/h1>\n\n<div style=\"line-height:1.7;\" class=\"wp-block-post-excerpt has-normal-font-size\"><p class=\"wp-block-post-excerpt__excerpt\">Wie zu Beginn jedes Semesters steht n\u00e4chste Woche Dienstag (06.05.) wieder die halbj\u00e4hrliche Vollversammlung (VV) an. Hier informieren wir u.a. \u00fcber die Fachschaftsarbeit des letzten halben Jahres. Alle Lehrveranstaltungen fallen f\u00fcr die VV aus, sodass jeder gerne vorbeikommen kann! Diesmal gibt es wieder ein leckeres Fr\u00fchst\u00fcck mit belegten Br\u00f6tchen und Streuselbr\u00f6tchen.Kommt gerne vorbei, wir freuen&hellip; <\/p><\/div><\/div><\/div>\n<\/div>\n<\/div><\/div>\n\n<\/li><\/ul>\n\n\n<div class=\"wp-block-cover alignfull has-white-color has-text-color\" style=\"margin-top:0;padding-top:4vw;padding-right:4vw;padding-bottom:4vw;padding-left:4vw;min-height:66vh;aspect-ratio:unset;\"><span aria-hidden=\"true\" class=\"wp-block-cover__background has-black-background-color has-background-dim-100 has-background-dim\"><\/span><div class=\"wp-block-cover__inner-container is-layout-flow wp-block-cover-is-layout-flow\">\n<div class=\"wp-block-group is-content-justification-left\"><div class=\"wp-block-group__inner-container is-layout-constrained wp-container-core-group-is-layout-76bb3733 wp-block-group-is-layout-constrained\">\n<figure class=\"wp-block-image size-large\"><img loading=\"lazy\" decoding=\"async\" width=\"717\" height=\"1024\" src=\"https:\/\/www.fsgeo.rwth-aachen.de\/wp-content\/uploads\/2024\/08\/Screenshot-2024-08-26-105141-717x1024.jpg\" alt=\"\" class=\"wp-image-10033\" srcset=\"https:\/\/www.fsgeo.rwth-aachen.de\/wp-content\/uploads\/2024\/08\/Screenshot-2024-08-26-105141-717x1024.jpg 717w, https:\/\/www.fsgeo.rwth-aachen.de\/wp-content\/uploads\/2024\/08\/Screenshot-2024-08-26-105141-210x300.jpg 210w, https:\/\/www.fsgeo.rwth-aachen.de\/wp-content\/uploads\/2024\/08\/Screenshot-2024-08-26-105141-768x1097.jpg 768w, https:\/\/www.fsgeo.rwth-aachen.de\/wp-content\/uploads\/2024\/08\/Screenshot-2024-08-26-105141.jpg 1066w\" sizes=\"auto, (max-width: 717px) 100vw, 717px\" \/><\/figure>\n<\/div><\/div>\n<\/div><\/div>\n<\/div><\/div>\n<\/div>\n\n\n\n<div class=\"wp-block-column is-layout-flow wp-block-column-is-layout-flow\" style=\"flex-basis:20%\"><nav class=\"is-responsive items-justified-center wp-block-navigation is-content-justification-center is-layout-flex wp-container-core-navigation-is-layout-16018d1d wp-block-navigation-is-layout-flex\" aria-label=\"Social Link Menue\" \n\t\t data-wp-interactive=\"core\/navigation\" data-wp-context='{\"overlayOpenedBy\":{\"click\":false,\"hover\":false,\"focus\":false},\"type\":\"overlay\",\"roleAttribute\":\"\",\"ariaLabel\":\"Men\\u00fc\"}'><button aria-haspopup=\"dialog\" aria-label=\"Men\u00fc \u00f6ffnen\" class=\"wp-block-navigation__responsive-container-open\" \n\t\t\t\tdata-wp-on-async--click=\"actions.openMenuOnClick\"\n\t\t\t\tdata-wp-on--keydown=\"actions.handleMenuKeydown\"\n\t\t\t><svg width=\"24\" height=\"24\" xmlns=\"http:\/\/www.w3.org\/2000\/svg\" viewBox=\"0 0 24 24\" aria-hidden=\"true\" focusable=\"false\"><rect x=\"4\" y=\"7.5\" width=\"16\" height=\"1.5\" \/><rect x=\"4\" y=\"15\" width=\"16\" height=\"1.5\" \/><\/svg><\/button>\n\t\t\t\t<div class=\"wp-block-navigation__responsive-container\"  id=\"modal-1\" \n\t\t\t\tdata-wp-class--has-modal-open=\"state.isMenuOpen\"\n\t\t\t\tdata-wp-class--is-menu-open=\"state.isMenuOpen\"\n\t\t\t\tdata-wp-watch=\"callbacks.initMenu\"\n\t\t\t\tdata-wp-on--keydown=\"actions.handleMenuKeydown\"\n\t\t\t\tdata-wp-on-async--focusout=\"actions.handleMenuFocusout\"\n\t\t\t\ttabindex=\"-1\"\n\t\t\t>\n\t\t\t\t\t<div class=\"wp-block-navigation__responsive-close\" tabindex=\"-1\">\n\t\t\t\t\t\t<div class=\"wp-block-navigation__responsive-dialog\" \n\t\t\t\tdata-wp-bind--aria-modal=\"state.ariaModal\"\n\t\t\t\tdata-wp-bind--aria-label=\"state.ariaLabel\"\n\t\t\t\tdata-wp-bind--role=\"state.roleAttribute\"\n\t\t\t>\n\t\t\t\t\t\t\t<button aria-label=\"Men\u00fc schlie\u00dfen\" class=\"wp-block-navigation__responsive-container-close\" \n\t\t\t\tdata-wp-on-async--click=\"actions.closeMenuOnClick\"\n\t\t\t><svg xmlns=\"http:\/\/www.w3.org\/2000\/svg\" viewBox=\"0 0 24 24\" width=\"24\" height=\"24\" aria-hidden=\"true\" focusable=\"false\"><path d=\"m13.06 12 6.47-6.47-1.06-1.06L12 10.94 5.53 4.47 4.47 5.53 10.94 12l-6.47 6.47 1.06 1.06L12 13.06l6.47 6.47 1.06-1.06L13.06 12Z\"><\/path><\/svg><\/button>\n\t\t\t\t\t\t\t<div class=\"wp-block-navigation__responsive-container-content\" \n\t\t\t\tdata-wp-watch=\"callbacks.focusFirstElement\"\n\t\t\t id=\"modal-1-content\">\n\t\t\t\t\t\t\t\t<ul class=\"wp-block-navigation__container is-responsive items-justified-center wp-block-navigation\"><li class=\" wp-block-navigation-item wp-block-navigation-link\"><a class=\"wp-block-navigation-item__content\"  href=\"https:\/\/www.instagram.com\/geofachschaft\/?hl=de\"><span class=\"wp-block-navigation-item__label\"><img loading=\"lazy\" decoding=\"async\" width=\"30\" height=\"28\" class=\"wp-image-9540\" style=\"width: 30px\" src=\"https:\/\/www.fsgeo.rwth-aachen.de\/wp-content\/uploads\/2024\/03\/1212121212.png\" alt=\"\"><\/span><\/a><\/li><li class=\" wp-block-navigation-item wp-block-navigation-link\"><a class=\"wp-block-navigation-item__content\"  href=\"https:\/\/www.facebook.com\/geofachschaft\/?locale=de_DE\"><span class=\"wp-block-navigation-item__label\">         <img loading=\"lazy\" decoding=\"async\" width=\"28\" height=\"28\" class=\"wp-image-9541\" style=\"width: 28px\" src=\"https:\/\/www.fsgeo.rwth-aachen.de\/wp-content\/uploads\/2024\/03\/34234324342324234.png\" alt=\"\">         <\/span><\/a><\/li><li class=\" wp-block-navigation-item wp-block-navigation-link\"><a class=\"wp-block-navigation-item__content\"  href=\"https:\/\/twitter.com\/i\/flow\/login?redirect_after_login=%2Fgeofachschaft\"><span class=\"wp-block-navigation-item__label\"><img loading=\"lazy\" decoding=\"async\" width=\"31\" height=\"28\" class=\"wp-image-9542\" style=\"width: 31px\" src=\"https:\/\/www.fsgeo.rwth-aachen.de\/wp-content\/uploads\/2024\/03\/554235325235.png\" alt=\"\"><\/span><\/a><\/li><\/ul>\n\t\t\t\t\t\t\t<\/div>\n\t\t\t\t\t\t<\/div>\n\t\t\t\t\t<\/div>\n\t\t\t\t<\/div><\/nav>\n\n\n<hr class=\"wp-block-separator has-alpha-channel-opacity is-style-wide\"\/>\n\n\n\n<div style=\"height:25px\" aria-hidden=\"true\" class=\"wp-block-spacer\"><\/div>\n\n\n\n<figure class=\"wp-block-table\"><table><tbody><tr><td><strong>Generelle Fragen:<\/strong><\/td><\/tr><tr><td>fachschaft@geo.rwth-aachen.de<\/td><\/tr><tr><td><strong>Sprechstunden:<\/strong><\/td><\/tr><tr><td>sprechstunde@fsgeo.rwth-aachen.de<\/td><\/tr><\/tbody><\/table><\/figure>\n\n\n\n<hr class=\"wp-block-separator has-alpha-channel-opacity is-style-wide\"\/>\n\n\n\n<div style=\"height:5px\" aria-hidden=\"true\" class=\"wp-block-spacer\"><\/div>\n\n\n\n<div class=\"wp-block-buttons is-layout-flex wp-block-buttons-is-layout-flex\"><\/div>\n\n\n\n<div class=\"wp-block-buttons is-layout-flex wp-block-buttons-is-layout-flex\">\n<div class=\"wp-block-button has-custom-width wp-block-button__width-100\"><a class=\"wp-block-button__link wp-element-button\" href=\"https:\/\/www.fsgeo.rwth-aachen.de\/?page_id=6847\">Altklausuren<\/a><\/div>\n\n\n\n<div class=\"wp-block-button has-custom-width wp-block-button__width-100\"><a class=\"wp-block-button__link wp-element-button\" href=\"https:\/\/www.fsgeo.rwth-aachen.de\/?page_id=7474\">Studienanf\u00e4nger<\/a><\/div>\n<\/div>\n<\/div>\n<\/div>\n\n\n\n<div class=\"wp-block-group is-content-justification-left\" style=\"margin-top:0;margin-bottom:0;padding-top:0;padding-right:var(--wp--preset--spacing--40);padding-bottom:var(--wp--preset--spacing--40);padding-left:var(--wp--preset--spacing--40)\"><div class=\"wp-block-group__inner-container is-layout-constrained wp-container-core-group-is-layout-4f3b647b wp-block-group-is-layout-constrained\"><nav class=\"wp-block-query-pagination is-content-justification-left is-nowrap is-layout-flex wp-container-core-query-pagination-is-layout-f56a869c wp-block-query-pagination-is-layout-flex\" aria-label=\"Seitennummerierung\">\n\n\n<a href=\"\/index.php?rest_route=%2Fwp%2Fv2%2Fpages%2F9499&#038;query-31-page=2\" style=\"font-size:0.9rem;text-transform:uppercase;letter-spacing:1px;\" class=\"wp-elements-165a8aa96a7546446f11c5f70728c230 wp-block-query-pagination-next\">N\u00e4chste Seite<\/a>\n<\/nav><\/div><\/div>\n<\/div>\n<\/div><\/div>\n","protected":false},"excerpt":{"rendered":"","protected":false},"author":1,"featured_media":0,"parent":0,"menu_order":0,"comment_status":"closed","ping_status":"closed","template":"","meta":{"footnotes":""},"class_list":["post-9499","page","type-page","status-publish","hentry"],"_links":{"self":[{"href":"https:\/\/www.fsgeo.rwth-aachen.de\/index.php?rest_route=\/wp\/v2\/pages\/9499","targetHints":{"allow":["GET"]}}],"collection":[{"href":"https:\/\/www.fsgeo.rwth-aachen.de\/index.php?rest_route=\/wp\/v2\/pages"}],"about":[{"href":"https:\/\/www.fsgeo.rwth-aachen.de\/index.php?rest_route=\/wp\/v2\/types\/page"}],"author":[{"embeddable":true,"href":"https:\/\/www.fsgeo.rwth-aachen.de\/index.php?rest_route=\/wp\/v2\/users\/1"}],"replies":[{"embeddable":true,"href":"https:\/\/www.fsgeo.rwth-aachen.de\/index.php?rest_route=%2Fwp%2Fv2%2Fcomments&post=9499"}],"version-history":[{"count":60,"href":"https:\/\/www.fsgeo.rwth-aachen.de\/index.php?rest_route=\/wp\/v2\/pages\/9499\/revisions"}],"predecessor-version":[{"id":10329,"href":"https:\/\/www.fsgeo.rwth-aachen.de\/index.php?rest_route=\/wp\/v2\/pages\/9499\/revisions\/10329"}],"wp:attachment":[{"href":"https:\/\/www.fsgeo.rwth-aachen.de\/index.php?rest_route=%2Fwp%2Fv2%2Fmedia&parent=9499"}],"curies":[{"name":"wp","href":"https:\/\/api.w.org\/{rel}","templated":true}]}}